{"id":1041,"date":"2022-07-06T05:24:03","date_gmt":"2022-07-06T05:24:03","guid":{"rendered":"https:\/\/www.forumulsecuritatiimaritime.ro\/conferinta\/?page_id=1041"},"modified":"2022-09-01T04:45:19","modified_gmt":"2022-09-01T04:45:19","slug":"acasa","status":"publish","type":"page","link":"https:\/\/www.forumulsecuritatiimaritime.ro\/conferinta\/","title":{"rendered":"Acas\u0103"},"content":{"rendered":"\n<p>CLUBUL AMIRALILOR<\/p>\n\n\n\n<p><strong>Forumul Securita\u021bii Maritime<\/strong>, \u00een parteneriat cu <strong>For\u021bele Navale Rom\u00e2ne,<\/strong> organizeaz\u0103 \u00een perioada 29-30 septembrie 2022<\/p>\n\n\n\n<p>CONFERIN\u021aA<strong> &#8222;DINAMICA \u0218I COMPLEXITATEA SECURIT\u0102\u021aII MARITIME A ROM\u00c2NIEI&#8221;<\/strong><\/p>\n\n\n\n<p>Conferin\u021ba se va desf\u0103\u0219ura \u00een format online pe Cisco Webex Meetings<\/p>\n\n\n\n<p><br>PROGRAM:   <\/p>\n\n\n\n<p> <strong>29.09.2022 Panel I<\/strong><\/p>\n\n\n\n<p>Geopolitic\u0103 \u0219i geostrategie, provoc\u0103ri de securitate \u00een zona M\u0103rii Negre \u0219i a Mediteranei;<br>Securitatea maritim\u0103 &#8211; securitate, securitate maritim\u0103, securitate cibernetic\u0103, mediu;<br>\u0218tiin\u021be militare &#8211; strategie, art\u0103 opera\u021bional\u0103, tactic\u0103 naval\u0103.<br>Rela\u021bii maritime interna\u021bionale &#8211; politic\u0103 \u0219i strategie maritim\u0103, diploma\u021bie naval\u0103.<\/p>\n\n\n\n<p><br><strong>30.09.2022 Panel II<\/strong><\/p>\n\n\n\n<p>Linii strategice de dezvoltare a Marinei Civile;<br>Economie, opera\u021biuni portuare, transport maritim.<br>Tehnici \u0219i tehnologii maritime.<br>Educa\u021bia maritim\u0103 &#8211; tendin\u021be \u0219i perspective;<br>Istorie, drept interna\u021bional public \u0219i drept maritim interna\u021bional.<br>Educa\u021bie \u0219i cultur\u0103 maritim\u0103.<\/p>\n\n\n\n<p><br>INVITA\u021aIE DE PARTICIPARE<br>Forumul securita\u021bii maritime este un eveniment de informare \u0219i dezbatere public\u0103, reprezent\u00e2nd o platform\u0103 de diseminare \u0219i comunicare public\u0103 \u00een domeniile politicii navale, transportului maritim, securit\u0103\u021bii \u0219i ap\u0103r\u0103rii. Prin cooperarea cu mediul profesional-institu\u021bional, academic \u0219i de cercetare \u0219tiin\u021bific\u0103, oferim oportunit\u0103\u021bi de conectare \u0219i integrare \u00een re\u021belele na\u021bionale de cunoa\u0219tere, diseminare \u0219i cooperare \u00een domeniile politicii navale, transportului maritim, securit\u0103\u021bii \u0219i ap\u0103r\u0103rii, \u00een vederea dezvolt\u0103rii de programe sinergice \u00een domenii de interes comun.<\/p>\n\n\n\n<p>Organizatorii conferin\u021bei \u00eei invit\u0103 pe to\u021bi cei interesa\u021bi s\u0103 participe la una dintre cele dou\u0103 sec\u021biuni s\u0103 completeze formularul de \u00eenscriere p\u00e2n\u0103 la data de <strong>10 august 2022.<\/strong><\/p>\n\n\n\n<p>Participan\u021bii au posibilitatea de a se \u00eenscrie cu o a doua lucrare \u0219tiin\u021bific\u0103. Toate lucr\u0103rile selectate de Comitetul \u0219tiin\u021bific vor fi publicate \u00eentr-un volum al Conferin\u021bei, precum \u0219i \u00een alte publica\u021bii ale partenerilor interesa\u021bi.<\/p>\n","protected":false},"excerpt":{"rendered":"<p>CLUBUL AMIRALILOR Forumul Securita\u021bii Maritime, \u00een parteneriat cu For\u021bele Navale Rom\u00e2ne, organizeaz\u0103 \u00een perioada 29-30 septembrie 2022 CONFERIN\u021aA &#8222;DINAMICA \u0218I COMPLEXITATEA SECURIT\u0102\u021aII MARITIME A ROM\u00c2NIEI&#8221; Conferin\u021ba se va desf\u0103\u0219ura \u00een format online pe Cisco Webex Meetings PROGRAM: 29.09.2022 Panel I Geopolitic\u0103 \u0219i geostrategie, provoc\u0103ri de securitate \u00een zona M\u0103rii Negre \u0219i a Mediteranei;Securitatea maritim\u0103 &#8211; &hellip; <a href=\"https:\/\/www.forumulsecuritatiimaritime.ro\/conferinta\/\" class=\"more-link\">Continu\u0103 lectura<span class=\"screen-reader-text\"> \u201eAcas\u0103\u201d<\/span><\/a><\/p>\n","protected":false},"author":1,"featured_media":273,"parent":0,"menu_order":0,"comment_status":"closed","ping_status":"closed","template":"","meta":{"footnotes":""},"class_list":["post-1041","page","type-page","status-publish","has-post-thumbnail","hentry"],"_links":{"self":[{"href":"https:\/\/www.forumulsecuritatiimaritime.ro\/conferinta\/wp-json\/wp\/v2\/pages\/1041","targetHints":{"allow":["GET"]}}],"collection":[{"href":"https:\/\/www.forumulsecuritatiimaritime.ro\/conferinta\/wp-json\/wp\/v2\/pages"}],"about":[{"href":"https:\/\/www.forumulsecuritatiimaritime.ro\/conferinta\/wp-json\/wp\/v2\/types\/page"}],"author":[{"embeddable":true,"href":"https:\/\/www.forumulsecuritatiimaritime.ro\/conferinta\/wp-json\/wp\/v2\/users\/1"}],"replies":[{"embeddable":true,"href":"https:\/\/www.forumulsecuritatiimaritime.ro\/conferinta\/wp-json\/wp\/v2\/comments?post=1041"}],"version-history":[{"count":11,"href":"https:\/\/www.forumulsecuritatiimaritime.ro\/conferinta\/wp-json\/wp\/v2\/pages\/1041\/revisions"}],"predecessor-version":[{"id":1364,"href":"https:\/\/www.forumulsecuritatiimaritime.ro\/conferinta\/wp-json\/wp\/v2\/pages\/1041\/revisions\/1364"}],"wp:featuredmedia":[{"embeddable":true,"href":"https:\/\/www.forumulsecuritatiimaritime.ro\/conferinta\/wp-json\/wp\/v2\/media\/273"}],"wp:attachment":[{"href":"https:\/\/www.forumulsecuritatiimaritime.ro\/conferinta\/wp-json\/wp\/v2\/media?parent=1041"}],"curies":[{"name":"wp","href":"https:\/\/api.w.org\/{rel}","templated":true}]}}